{"id":1192,"date":"2025-05-07T11:53:46","date_gmt":"2025-05-07T11:53:46","guid":{"rendered":"http:\/\/localhost\/DenemaxSport\/?page_id=1192"},"modified":"2025-05-22T13:52:09","modified_gmt":"2025-05-22T13:52:09","slug":"asesoria-fiscal","status":"publish","type":"page","link":"https:\/\/denemaxsport.com\/?page_id=1192","title":{"rendered":"Asesor\u00eda Fiscal"},"content":{"rendered":"\n<div class=\"wp-block-uagb-container imagenfondo uagb-layout-flex uagb-block-edf9ad47 alignfull uagb-is-root-container\">\n<div class=\"wp-block-uagb-advanced-heading uagb-block-022836bc\"><h1 class=\"uagb-heading-text\">Soluciones expertas en fiscalidad, empleo y contabilidad<\/h1><\/div>\n<\/div>\n\n\n\n<div class=\"wp-block-uagb-container uagb-layout-grid uagb-block-889b654d alignfull uagb-is-root-container\"><div class=\"uagb-container-inner-blocks-wrap\">\n<div class=\"wp-block-uagb-advanced-heading uagb-block-1f8f3c3f\"><h2 class=\"uagb-heading-text\">Prestaci\u00f3n de servicios de asesor\u00eda fiscal, laboral y contable <\/h2><\/div>\n\n\n\n<div class=\"wp-block-uagb-container uagb-layout-flex uagb-block-63e0ef61\">\n<div class=\"wp-block-uagb-advanced-heading uagb-block-11111ede\"><h3 class=\"uagb-heading-text\">En colaboraci\u00f3n con una Gestor\u00eda especializada en la prestaci\u00f3n de servicios de asesoramiento en los \u00e1mbitos Laboral, Fiscal y Contable, ofrecemos una atenci\u00f3n personalizada a cada cliente, con el objetivo de satisfacer sus necesidades y demandas de gesti\u00f3n.<\/h3><p class=\"uagb-desc-text\"><br>En Denemax Consulting, nuestra <strong>asesor\u00eda fiscal<\/strong> ofrece un servicio r\u00e1pido, eficaz y de calidad, de tal forma que nuestros clientes depositen su confianza en nosotros para un asesoramiento 360\u00ba (derecho deportivo, protecci\u00f3n de datos, fiscal, laboral y contable).<\/p><\/div>\n<\/div>\n\n\n\n<div class=\"wp-block-uagb-container uagb-block-1f905456\">\n<div class=\"wp-block-uagb-image aligncenter uagb-block-5d6e02fa wp-block-uagb-image--layout-default wp-block-uagb-image--effect-static wp-block-uagb-image--align-center\"><figure class=\"wp-block-uagb-image__figure\"><img decoding=\"async\" srcset=\"https:\/\/prueba.denemaxsport.com\/DenemaxSport\/wp-content\/uploads\/2025\/05\/pexels-mikhail-nilov-7731402-1024x677.jpg ,https:\/\/prueba.denemaxsport.com\/DenemaxSport\/wp-content\/uploads\/2025\/05\/pexels-mikhail-nilov-7731402-scaled.jpg 780w, https:\/\/prueba.denemaxsport.com\/DenemaxSport\/wp-content\/uploads\/2025\/05\/pexels-mikhail-nilov-7731402-scaled.jpg 360w\" sizes=\"auto, (max-width: 480px) 150px\" src=\"https:\/\/prueba.denemaxsport.com\/DenemaxSport\/wp-content\/uploads\/2025\/05\/pexels-mikhail-nilov-7731402-1024x677.jpg\" alt=\"servicios de asesor\u00eda fiscal\" class=\"uag-image-1203\" width=\"1024\" height=\"677\" title=\"servicios de asesor\u00eda fiscal\" loading=\"lazy\" role=\"img\"\/><\/figure><\/div>\n<\/div>\n<\/div><\/div>\n\n\n\n<div class=\"wp-block-uagb-container uagb-layout-grid uagb-block-ecef6f2d alignfull uagb-is-root-container\"><div class=\"uagb-container-inner-blocks-wrap\">\n<div class=\"wp-block-uagb-container uagb-block-c714844a\">\n<div class=\"wp-block-uagb-container uagb-block-23dfbca3\">\n<div class=\"wp-block-uagb-advanced-heading uagb-block-cf0290dd\"><h2 class=\"uagb-heading-text\">Fiscal:<\/h2><\/div>\n\n\n\n<ul class=\"wp-block-list\">\n<li class=\"has-ast-global-color-5-color has-text-color has-link-color wp-elements-bef0b4f5bef00bee0b5e2f555491584a\">Modificaciones y bajas en Hacienda.<\/li>\n\n\n\n<li class=\"has-ast-global-color-5-color has-text-color has-link-color wp-elements-2e07e1c73075d220f95db83ac45453a0\">Presentaci\u00f3n de Declaraci\u00f3n anual de Operaciones con terceras personas (modelo 347).&nbsp;<\/li>\n\n\n\n<li class=\"has-ast-global-color-5-color has-text-color has-link-color wp-elements-417931dedb273a87d92ed7793cda8d3d\">Declaraci\u00f3n pagos a cuenta Impuesto sobre Sociedades (modelo 202). Presentaci\u00f3n Impuesto sobre Sociedades (modelo 200).<\/li>\n\n\n\n<li class=\"has-ast-global-color-5-color has-text-color has-link-color wp-elements-20a6e9451eef3ced1517ae532557d659\">Presentaci\u00f3n de Declaraciones trimestrales y anuales de I.V.A.<\/li>\n<\/ul>\n<\/div>\n<\/div>\n\n\n\n<div class=\"wp-block-uagb-container uagb-layout-grid uagb-block-8d2584ea\">\n<div class=\"wp-block-uagb-container uagb-block-814142b0\">\n<div class=\"wp-block-uagb-container uagb-block-13ca64c2\">\n<div class=\"wp-block-uagb-advanced-heading uagb-block-9e8c2579\"><h2 class=\"uagb-heading-text\">Laboral:<\/h2><\/div>\n\n\n\n<ul class=\"wp-block-list\">\n<li class=\"has-ast-global-color-8-color has-text-color has-link-color wp-elements-10673bd87341ab69744b5b14c371544f\"><img loading=\"lazy\" decoding=\"async\" width=\"5\" height=\"5\" src=\"\"><img loading=\"lazy\" decoding=\"async\" width=\"5\" height=\"5\" src=\"\">Alta, modificaciones y bajas de trabajadores en la Seguridad Social y SEPE. Confecci\u00f3n de N\u00f3minas y Seguros Sociales.<\/li>\n\n\n\n<li class=\"has-ast-global-color-8-color has-text-color has-link-color wp-elements-9aed943220fbfe30e12ad6385fca9e90\"><img loading=\"lazy\" decoding=\"async\" width=\"5\" height=\"5\" src=\"\">Certificaciones de retenciones y comunicaci\u00f3n de datos al pagador (Modelo 145).<\/li>\n\n\n\n<li class=\"has-ast-global-color-8-color has-text-color has-link-color wp-elements-fc4d779a42cf79282eada4bcc74da866\"><img loading=\"lazy\" decoding=\"async\" width=\"5\" height=\"5\" src=\"\">Presentaci\u00f3n de Declaraciones de retenciones e ingresos a cuenta del IRPF de empleados y profesionales (modelo 111\/190).<\/li>\n<\/ul>\n<\/div>\n<\/div>\n<\/div>\n\n\n\n<div class=\"wp-block-uagb-container uagb-layout-grid uagb-block-8316dbf8\">\n<div class=\"wp-block-uagb-container uagb-block-33a1005f\">\n<div class=\"wp-block-uagb-container uagb-block-0fd4de12\">\n<div class=\"wp-block-uagb-advanced-heading uagb-block-0de53684\"><h2 class=\"uagb-heading-text\">Aut\u00f3nomo(Fiscal):<\/h2><\/div>\n\n\n\n<ul class=\"wp-block-list\">\n<li class=\"has-ast-global-color-4-color has-text-color has-link-color wp-elements-fa6da64c00ea882e2a66cc1716df2e74\"><img loading=\"lazy\" decoding=\"async\" width=\"5\" height=\"5\" src=\"\"><img loading=\"lazy\" decoding=\"async\" width=\"5\" height=\"5\" src=\"\">Alta, modificaciones y bajas en Hacienda y Seguridad Social. Elaboraci\u00f3n de libros contables.<\/li>\n\n\n\n<li class=\"has-ast-global-color-4-color has-text-color has-link-color wp-elements-08dce648b0cabdff815cecccc2aa7114\"><img loading=\"lazy\" decoding=\"async\" width=\"5\" height=\"5\" src=\"\"><img loading=\"lazy\" decoding=\"async\" width=\"5\" height=\"5\" src=\"\">Presentaci\u00f3n de declaraciones de I.V.A. Declaraciones de pagos a cuenta del IRPF.<\/li>\n\n\n\n<li class=\"has-ast-global-color-4-color has-text-color has-link-color wp-elements-489dffd4705e665e49b72105e213e945\"><img loading=\"lazy\" decoding=\"async\" width=\"5\" height=\"5\" src=\"\">Declaraci\u00f3n anual de Operaciones con terceras personas.<\/li>\n<\/ul>\n<\/div>\n<\/div>\n<\/div>\n<\/div><\/div>\n\n\n\n<p><\/p>\n\n\n\n<div class=\"wp-block-uagb-container uagb-layout-grid uagb-block-d17d52f5 alignfull uagb-is-root-container\">\n<div class=\"wp-block-uagb-image uagb-block-f5c79397 wp-block-uagb-image--layout-default wp-block-uagb-image--effect-static wp-block-uagb-image--align-none uag-hide-mob\"><figure class=\"wp-block-uagb-image__figure\"><\/figure><\/div>\n\n\n\n<div class=\"wp-block-uagb-info-box uagb-block-e0e0877b uagb-infobox__content-wrap  uagb-infobox-icon-above-title uagb-infobox-image-valign-top wp-block-uagb-info-box--has-margin\"><div class=\"uagb-infobox-margin-wrapper\"><div class=\"uagb-ifb-content\"><div class=\"uagb-ifb-title-wrap\"><p class=\"uagb-ifb-title-prefix\">\u00danete hoy<\/p><h2 class=\"uagb-ifb-title\">Dale un nuevo rumbo a tu club deportivo<\/h2><\/div><p class=\"uagb-ifb-desc\"><strong>Contacta con nosotros y descubre c\u00f3mo podemos ayudarte a optimizar la gesti\u00f3n de tu club de manera efectiva.<\/strong><\/p><div class=\"uagb-ifb-button-wrapper wp-block-button\"><a href=\"?page_id=14\" class=\"uagb-infobox-cta-link wp-block-button__link\" target=\"_self\" rel=\"noopener noreferrer\" onclick=\"return true;\"><span class=\"uagb-inline-editing\">Descubre m\u00e1s<\/span><\/a><\/div><\/div><\/div><\/div>\n\n\n\n<div class=\"wp-block-uagb-image uagb-block-7baf2f18 wp-block-uagb-image--layout-default wp-block-uagb-image--effect-static wp-block-uagb-image--align-none uag-hide-mob\"><figure class=\"wp-block-uagb-image__figure\"><\/figure><\/div>\n<\/div>\n\n\n\n<p><\/p>\n\n\n<style>.wp-block-kadence-advancedheading.kt-adv-heading1192_3cd5d8-b08, .wp-block-kadence-advancedheading.kt-adv-heading1192_3cd5d8-b08[data-kb-block=\"kb-adv-heading1192_3cd5d8-b08\"]{font-style:normal;}.wp-block-kadence-advancedheading.kt-adv-heading1192_3cd5d8-b08 mark.kt-highlight, .wp-block-kadence-advancedheading.kt-adv-heading1192_3cd5d8-b08[data-kb-block=\"kb-adv-heading1192_3cd5d8-b08\"] mark.kt-highlight{font-style:normal;color:#f76a0c;-webkit-box-decoration-break:clone;box-decoration-break:clone;padding-top:0px;padding-right:0px;padding-bottom:0px;padding-left:0px;}<\/style>\n<p class=\"kt-adv-heading1192_3cd5d8-b08 wp-block-kadence-advancedheading\" data-kb-block=\"kb-adv-heading1192_3cd5d8-b08\"><\/p>\n","protected":false},"excerpt":{"rendered":"<p>Soluciones expertas en fiscalidad, empleo y contabilidad Prestaci\u00f3n de servicios de asesor\u00eda fiscal, laboral y contable En colaboraci\u00f3n con una [&hellip;]<\/p>\n","protected":false},"author":4,"featured_media":0,"parent":12,"menu_order":0,"comment_status":"closed","ping_status":"closed","template":"","meta":{"_uag_custom_page_level_css":"","site-sidebar-layout":"default","site-content-layout":"","ast-site-content-layout":"","site-content-style":"default","site-sidebar-style":"default","ast-global-header-display":"","ast-banner-title-visibility":"","ast-main-header-display":"","ast-hfb-above-header-display":"","ast-hfb-below-header-display":"","ast-hfb-mobile-header-display":"","site-post-title":"disabled","ast-breadcrumbs-content":"","ast-featured-img":"","footer-sml-layout":"","theme-transparent-header-meta":"","adv-header-id-meta":"","stick-header-meta":"","header-above-stick-meta":"","header-main-stick-meta":"","header-below-stick-meta":"","astra-migrate-meta-layouts":"default","ast-page-background-enabled":"default","ast-page-background-meta":{"desktop":{"background-color":"var(--ast-global-color-4)","background-image":"","background-repeat":"repeat","background-position":"center center","background-size":"auto","background-attachment":"scroll","background-type":"","background-media":"","overlay-type":"","overlay-color":"","overlay-opacity":"","overlay-gradient":""},"tablet":{"background-color":"","background-image":"","background-repeat":"repeat","background-position":"center center","background-size":"auto","background-attachment":"scroll","background-type":"","background-media":"","overlay-type":"","overlay-color":"","overlay-opacity":"","overlay-gradient":""},"mobile":{"background-color":"","background-image":"","background-repeat":"repeat","background-position":"center center","background-size":"auto","background-attachment":"scroll","background-type":"","background-media":"","overlay-type":"","overlay-color":"","overlay-opacity":"","overlay-gradient":""}},"ast-content-background-meta":{"desktop":{"background-color":"var(--ast-global-color-5)","background-image":"","background-repeat":"repeat","background-position":"center center","background-size":"auto","background-attachment":"scroll","background-type":"","background-media":"","overlay-type":"","overlay-color":"","overlay-opacity":"","overlay-gradient":""},"tablet":{"background-color":"var(--ast-global-color-5)","background-image":"","background-repeat":"repeat","background-position":"center center","background-size":"auto","background-attachment":"scroll","background-type":"","background-media":"","overlay-type":"","overlay-color":"","overlay-opacity":"","overlay-gradient":""},"mobile":{"background-color":"var(--ast-global-color-5)","background-image":"","background-repeat":"repeat","background-position":"center center","background-size":"auto","background-attachment":"scroll","background-type":"","background-media":"","overlay-type":"","overlay-color":"","overlay-opacity":"","overlay-gradient":""}},"footnotes":""},"class_list":["post-1192","page","type-page","status-publish","hentry"],"yoast_head":"<!-- This site is optimized with the Yoast SEO Premium plugin v25.1 (Yoast SEO v25.1) - https:\/\/yoast.com\/wordpress\/plugins\/seo\/ -->\n<title>Asesor\u00eda Fiscal | Denemax Consulting<\/title>\n<meta name=\"description\" content=\"Asesor\u00eda fiscal profesional: gesti\u00f3n de impuestos, IVA, sociedades y n\u00f3minas con Denemax Consulting. Servicio 360\u00ba para empresas y aut\u00f3nomos.\" \/>\n<meta name=\"robots\" content=\"index, follow, max-snippet:-1, max-image-preview:large, max-video-preview:-1\" \/>\n<link rel=\"canonical\" href=\"https:\/\/denemaxsport.com\/?page_id=1192\" \/>\n<meta property=\"og:locale\" content=\"es_ES\" \/>\n<meta property=\"og:type\" content=\"article\" \/>\n<meta property=\"og:title\" content=\"Asesor\u00eda Fiscal\" \/>\n<meta property=\"og:description\" content=\"Asesor\u00eda fiscal profesional: gesti\u00f3n de impuestos, IVA, sociedades y n\u00f3minas con Denemax Consulting. Servicio 360\u00ba para empresas y aut\u00f3nomos.\" \/>\n<meta property=\"og:url\" content=\"https:\/\/denemaxsport.com\/?page_id=1192\" \/>\n<meta property=\"og:site_name\" content=\"Denemax Sport\" \/>\n<meta property=\"article:publisher\" content=\"https:\/\/www.facebook.com\/pages\/DenemaxConsultin\/966345906748622\" \/>\n<meta property=\"article:modified_time\" content=\"2025-05-22T13:52:09+00:00\" \/>\n<meta property=\"og:image\" content=\"http:\/\/prueba.denemaxsport.com\/DenemaxSport\/wp-content\/uploads\/2025\/05\/pexels-mikhail-nilov-7731402-1024x677.jpg\" \/>\n<meta name=\"twitter:card\" content=\"summary_large_image\" \/>\n<meta name=\"twitter:site\" content=\"@DenemaxSport\" \/>\n<meta name=\"twitter:label1\" content=\"Tiempo de lectura\" \/>\n\t<meta name=\"twitter:data1\" content=\"6 minutos\" \/>\n<script type=\"application\/ld+json\" class=\"yoast-schema-graph\">{\"@context\":\"https:\/\/schema.org\",\"@graph\":[{\"@type\":\"WebPage\",\"@id\":\"https:\/\/denemaxsport.com\/?page_id=1192\",\"url\":\"https:\/\/denemaxsport.com\/?page_id=1192\",\"name\":\"Asesor\u00eda Fiscal | Denemax Consulting\",\"isPartOf\":{\"@id\":\"https:\/\/denemaxsport.com\/#website\"},\"primaryImageOfPage\":{\"@id\":\"https:\/\/denemaxsport.com\/?page_id=1192#primaryimage\"},\"image\":{\"@id\":\"https:\/\/denemaxsport.com\/?page_id=1192#primaryimage\"},\"thumbnailUrl\":\"http:\/\/prueba.denemaxsport.com\/DenemaxSport\/wp-content\/uploads\/2025\/05\/pexels-mikhail-nilov-7731402-1024x677.jpg\",\"datePublished\":\"2025-05-07T11:53:46+00:00\",\"dateModified\":\"2025-05-22T13:52:09+00:00\",\"description\":\"Asesor\u00eda fiscal profesional: gesti\u00f3n de impuestos, IVA, sociedades y n\u00f3minas con Denemax Consulting. Servicio 360\u00ba para empresas y aut\u00f3nomos.\",\"breadcrumb\":{\"@id\":\"https:\/\/denemaxsport.com\/?page_id=1192#breadcrumb\"},\"inLanguage\":\"es\",\"potentialAction\":[{\"@type\":\"ReadAction\",\"target\":[\"https:\/\/denemaxsport.com\/?page_id=1192\"]}]},{\"@type\":\"ImageObject\",\"inLanguage\":\"es\",\"@id\":\"https:\/\/denemaxsport.com\/?page_id=1192#primaryimage\",\"url\":\"http:\/\/prueba.denemaxsport.com\/DenemaxSport\/wp-content\/uploads\/2025\/05\/pexels-mikhail-nilov-7731402-1024x677.jpg\",\"contentUrl\":\"http:\/\/prueba.denemaxsport.com\/DenemaxSport\/wp-content\/uploads\/2025\/05\/pexels-mikhail-nilov-7731402-1024x677.jpg\"},{\"@type\":\"BreadcrumbList\",\"@id\":\"https:\/\/denemaxsport.com\/?page_id=1192#breadcrumb\",\"itemListElement\":[{\"@type\":\"ListItem\",\"position\":1,\"name\":\"Portada\",\"item\":\"https:\/\/denemaxsport.com\/\"},{\"@type\":\"ListItem\",\"position\":2,\"name\":\"Servicios\",\"item\":\"https:\/\/denemaxsport.com\/?page_id=12\"},{\"@type\":\"ListItem\",\"position\":3,\"name\":\"Asesor\u00eda Fiscal\"}]},{\"@type\":\"WebSite\",\"@id\":\"https:\/\/denemaxsport.com\/#website\",\"url\":\"https:\/\/denemaxsport.com\/\",\"name\":\"DenemaxSport\",\"description\":\"\",\"publisher\":{\"@id\":\"https:\/\/denemaxsport.com\/#organization\"},\"potentialAction\":[{\"@type\":\"SearchAction\",\"target\":{\"@type\":\"EntryPoint\",\"urlTemplate\":\"https:\/\/denemaxsport.com\/?s={search_term_string}\"},\"query-input\":{\"@type\":\"PropertyValueSpecification\",\"valueRequired\":true,\"valueName\":\"search_term_string\"}}],\"inLanguage\":\"es\"},{\"@type\":\"Organization\",\"@id\":\"https:\/\/denemaxsport.com\/#organization\",\"name\":\"DenemaxSport\",\"url\":\"https:\/\/denemaxsport.com\/\",\"logo\":{\"@type\":\"ImageObject\",\"inLanguage\":\"es\",\"@id\":\"https:\/\/denemaxsport.com\/#\/schema\/logo\/image\/\",\"url\":\"https:\/\/denemaxsport.com\/wp-content\/uploads\/2025\/04\/cropped-medio-Photoroom.png\",\"contentUrl\":\"https:\/\/denemaxsport.com\/wp-content\/uploads\/2025\/04\/cropped-medio-Photoroom.png\",\"width\":1035,\"height\":502,\"caption\":\"DenemaxSport\"},\"image\":{\"@id\":\"https:\/\/denemaxsport.com\/#\/schema\/logo\/image\/\"},\"sameAs\":[\"https:\/\/www.facebook.com\/pages\/DenemaxConsultin\/966345906748622\",\"https:\/\/x.com\/DenemaxSport\",\"https:\/\/www.instagram.com\/denemax_sports\"]}]}<\/script>\n<!-- \/ Yoast SEO Premium plugin. -->","yoast_head_json":{"title":"Asesor\u00eda Fiscal | Denemax Consulting","description":"Asesor\u00eda fiscal profesional: gesti\u00f3n de impuestos, IVA, sociedades y n\u00f3minas con Denemax Consulting. Servicio 360\u00ba para empresas y aut\u00f3nomos.","robots":{"index":"index","follow":"follow","max-snippet":"max-snippet:-1","max-image-preview":"max-image-preview:large","max-video-preview":"max-video-preview:-1"},"canonical":"https:\/\/denemaxsport.com\/?page_id=1192","og_locale":"es_ES","og_type":"article","og_title":"Asesor\u00eda Fiscal","og_description":"Asesor\u00eda fiscal profesional: gesti\u00f3n de impuestos, IVA, sociedades y n\u00f3minas con Denemax Consulting. Servicio 360\u00ba para empresas y aut\u00f3nomos.","og_url":"https:\/\/denemaxsport.com\/?page_id=1192","og_site_name":"Denemax Sport","article_publisher":"https:\/\/www.facebook.com\/pages\/DenemaxConsultin\/966345906748622","article_modified_time":"2025-05-22T13:52:09+00:00","og_image":[{"url":"http:\/\/prueba.denemaxsport.com\/DenemaxSport\/wp-content\/uploads\/2025\/05\/pexels-mikhail-nilov-7731402-1024x677.jpg","type":"","width":"","height":""}],"twitter_card":"summary_large_image","twitter_site":"@DenemaxSport","twitter_misc":{"Tiempo de lectura":"6 minutos"},"schema":{"@context":"https:\/\/schema.org","@graph":[{"@type":"WebPage","@id":"https:\/\/denemaxsport.com\/?page_id=1192","url":"https:\/\/denemaxsport.com\/?page_id=1192","name":"Asesor\u00eda Fiscal | Denemax Consulting","isPartOf":{"@id":"https:\/\/denemaxsport.com\/#website"},"primaryImageOfPage":{"@id":"https:\/\/denemaxsport.com\/?page_id=1192#primaryimage"},"image":{"@id":"https:\/\/denemaxsport.com\/?page_id=1192#primaryimage"},"thumbnailUrl":"http:\/\/prueba.denemaxsport.com\/DenemaxSport\/wp-content\/uploads\/2025\/05\/pexels-mikhail-nilov-7731402-1024x677.jpg","datePublished":"2025-05-07T11:53:46+00:00","dateModified":"2025-05-22T13:52:09+00:00","description":"Asesor\u00eda fiscal profesional: gesti\u00f3n de impuestos, IVA, sociedades y n\u00f3minas con Denemax Consulting. Servicio 360\u00ba para empresas y aut\u00f3nomos.","breadcrumb":{"@id":"https:\/\/denemaxsport.com\/?page_id=1192#breadcrumb"},"inLanguage":"es","potentialAction":[{"@type":"ReadAction","target":["https:\/\/denemaxsport.com\/?page_id=1192"]}]},{"@type":"ImageObject","inLanguage":"es","@id":"https:\/\/denemaxsport.com\/?page_id=1192#primaryimage","url":"http:\/\/prueba.denemaxsport.com\/DenemaxSport\/wp-content\/uploads\/2025\/05\/pexels-mikhail-nilov-7731402-1024x677.jpg","contentUrl":"http:\/\/prueba.denemaxsport.com\/DenemaxSport\/wp-content\/uploads\/2025\/05\/pexels-mikhail-nilov-7731402-1024x677.jpg"},{"@type":"BreadcrumbList","@id":"https:\/\/denemaxsport.com\/?page_id=1192#breadcrumb","itemListElement":[{"@type":"ListItem","position":1,"name":"Portada","item":"https:\/\/denemaxsport.com\/"},{"@type":"ListItem","position":2,"name":"Servicios","item":"https:\/\/denemaxsport.com\/?page_id=12"},{"@type":"ListItem","position":3,"name":"Asesor\u00eda Fiscal"}]},{"@type":"WebSite","@id":"https:\/\/denemaxsport.com\/#website","url":"https:\/\/denemaxsport.com\/","name":"DenemaxSport","description":"","publisher":{"@id":"https:\/\/denemaxsport.com\/#organization"},"potentialAction":[{"@type":"SearchAction","target":{"@type":"EntryPoint","urlTemplate":"https:\/\/denemaxsport.com\/?s={search_term_string}"},"query-input":{"@type":"PropertyValueSpecification","valueRequired":true,"valueName":"search_term_string"}}],"inLanguage":"es"},{"@type":"Organization","@id":"https:\/\/denemaxsport.com\/#organization","name":"DenemaxSport","url":"https:\/\/denemaxsport.com\/","logo":{"@type":"ImageObject","inLanguage":"es","@id":"https:\/\/denemaxsport.com\/#\/schema\/logo\/image\/","url":"https:\/\/denemaxsport.com\/wp-content\/uploads\/2025\/04\/cropped-medio-Photoroom.png","contentUrl":"https:\/\/denemaxsport.com\/wp-content\/uploads\/2025\/04\/cropped-medio-Photoroom.png","width":1035,"height":502,"caption":"DenemaxSport"},"image":{"@id":"https:\/\/denemaxsport.com\/#\/schema\/logo\/image\/"},"sameAs":["https:\/\/www.facebook.com\/pages\/DenemaxConsultin\/966345906748622","https:\/\/x.com\/DenemaxSport","https:\/\/www.instagram.com\/denemax_sports"]}]}},"uagb_featured_image_src":{"full":false,"thumbnail":false,"medium":false,"medium_large":false,"large":false,"1536x1536":false,"2048x2048":false,"ultp_layout_landscape_large":false,"ultp_layout_landscape":false,"ultp_layout_portrait":false,"ultp_layout_square":false},"uagb_author_info":{"display_name":"DenemaxSport Denemax","author_link":"https:\/\/denemaxsport.com\/?author=4"},"uagb_comment_info":0,"uagb_excerpt":"Soluciones expertas en fiscalidad, empleo y contabilidad Prestaci\u00f3n de servicios de asesor\u00eda fiscal, laboral y contable En colaboraci\u00f3n con una [&hellip;]","_links":{"self":[{"href":"https:\/\/denemaxsport.com\/index.php?rest_route=\/wp\/v2\/pages\/1192","targetHints":{"allow":["GET"]}}],"collection":[{"href":"https:\/\/denemaxsport.com\/index.php?rest_route=\/wp\/v2\/pages"}],"about":[{"href":"https:\/\/denemaxsport.com\/index.php?rest_route=\/wp\/v2\/types\/page"}],"author":[{"embeddable":true,"href":"https:\/\/denemaxsport.com\/index.php?rest_route=\/wp\/v2\/users\/4"}],"replies":[{"embeddable":true,"href":"https:\/\/denemaxsport.com\/index.php?rest_route=%2Fwp%2Fv2%2Fcomments&post=1192"}],"version-history":[{"count":103,"href":"https:\/\/denemaxsport.com\/index.php?rest_route=\/wp\/v2\/pages\/1192\/revisions"}],"predecessor-version":[{"id":1555,"href":"https:\/\/denemaxsport.com\/index.php?rest_route=\/wp\/v2\/pages\/1192\/revisions\/1555"}],"up":[{"embeddable":true,"href":"https:\/\/denemaxsport.com\/index.php?rest_route=\/wp\/v2\/pages\/12"}],"wp:attachment":[{"href":"https:\/\/denemaxsport.com\/index.php?rest_route=%2Fwp%2Fv2%2Fmedia&parent=1192"}],"curies":[{"name":"wp","href":"https:\/\/api.w.org\/{rel}","templated":true}]}}