{"id":12,"date":"2025-04-07T15:08:33","date_gmt":"2025-04-07T15:08:33","guid":{"rendered":"http:\/\/localhost\/DenemaxSport\/?page_id=12"},"modified":"2025-12-17T16:25:44","modified_gmt":"2025-12-17T16:25:44","slug":"servicios-clubes-deportivos","status":"publish","type":"page","link":"https:\/\/denemaxsport.com\/?page_id=12","title":{"rendered":"Servicios"},"content":{"rendered":"\n<div class=\"wp-block-uagb-container uagb-layout-flex uagb-block-edf9ad47 alignfull uagb-is-root-container\"><div class=\"uagb-container-inner-blocks-wrap\">\n<div class=\"wp-block-uagb-advanced-heading uagb-block-022836bc\"><h1 class=\"uagb-heading-text\">Optimiza tu club deportivo con Denemax Sport<\/h1><\/div>\n<\/div><\/div>\n\n\n\n<div class=\"wp-block-uagb-container uagb-block-a9da1e25 alignfull uagb-is-root-container\"><div class=\"uagb-container-inner-blocks-wrap\">\n<div class=\"wp-block-uagb-container uagb-layout-grid uagb-block-ec9486ee default uagb-is-root-container\">\n<div class=\"wp-block-uagb-info-box uagb-block-5a2bc621 uagb-infobox__content-wrap  uagb-infobox-icon-above-title uagb-infobox-image-valign-top wp-block-uagb-info-box--has-margin\"><div class=\"uagb-infobox-margin-wrapper\"><div class=\"uagb-ifb-content\"><div class=\"uagb-ifb-title-wrap\"><h2 class=\"uagb-ifb-title\"><strong>Inscripci\u00f3n de empleados, deportistas, entrenadores y tutores<\/strong><\/h2><\/div><p class=\"uagb-ifb-desc\">Denemax Sport brinda asesoramiento al club para garantizar una recopilaci\u00f3n \u00f3ptima de los datos personales de toda su masa social, as\u00ed como para la actualizaci\u00f3n y mejora continua de dicha informaci\u00f3n.<br>Tambi\u00e9n ofrecemos las cl\u00e1usulas y autorizaciones <strong>RGPD<\/strong> para deportistas y entrenadores. Adem\u00e1s de los contratos de voluntariado. Todo v\u00eda correo electr\u00f3nico y garantizando el estricto <strong>cumplimiento de la norma.<\/strong><\/p><\/div><\/div><\/div>\n\n\n\n<div class=\"wp-block-uagb-image aligncenter uagb-block-936d1125 wp-block-uagb-image--layout-default wp-block-uagb-image--effect-static wp-block-uagb-image--align-center\"><figure class=\"wp-block-uagb-image__figure\"><img decoding=\"async\" srcset=\"https:\/\/denemaxsport.com\/wp-content\/uploads\/2025\/12\/Captura-de-pantalla-2025-12-03-124033-copia.png ,https:\/\/denemaxsport.com\/wp-content\/uploads\/2025\/12\/Captura-de-pantalla-2025-12-03-124033-copia.png 780w, https:\/\/denemaxsport.com\/wp-content\/uploads\/2025\/12\/Captura-de-pantalla-2025-12-03-124033-copia.png 360w\" sizes=\"auto, (max-width: 480px) 150px\" src=\"https:\/\/denemaxsport.com\/wp-content\/uploads\/2025\/12\/Captura-de-pantalla-2025-12-03-124033-copia.png\" alt=\"\" class=\"uag-image-1629\" width=\"522\" height=\"440\" title=\"Captura de pantalla 2025-12-03 124033 - copia\" loading=\"lazy\" role=\"img\"\/><\/figure><\/div>\n<\/div>\n\n\n\n<div class=\"wp-block-uagb-container uagb-layout-grid uagb-block-932b0ea7 default uagb-is-root-container\">\n<div class=\"wp-block-uagb-image uagb-block-e214f383 wp-block-uagb-image--layout-default wp-block-uagb-image--effect-static wp-block-uagb-image--align-none\"><figure class=\"wp-block-uagb-image__figure\"><img decoding=\"async\" srcset=\"https:\/\/denemaxsport.com\/wp-content\/uploads\/2025\/12\/Captura-de-pantalla-2025-12-03-125655-1024x697.png ,https:\/\/denemaxsport.com\/wp-content\/uploads\/2025\/12\/Captura-de-pantalla-2025-12-03-125655.png 780w, https:\/\/denemaxsport.com\/wp-content\/uploads\/2025\/12\/Captura-de-pantalla-2025-12-03-125655.png 360w\" sizes=\"auto, (max-width: 480px) 150px\" src=\"https:\/\/denemaxsport.com\/wp-content\/uploads\/2025\/12\/Captura-de-pantalla-2025-12-03-125655-1024x697.png\" alt=\"\" class=\"uag-image-1630\" width=\"522\" height=\"440\" title=\"Captura de pantalla 2025-12-03 125655\" loading=\"lazy\" role=\"img\"\/><\/figure><\/div>\n\n\n\n<div class=\"wp-block-uagb-info-box uagb-block-38856887 uagb-infobox__content-wrap  uagb-infobox-icon-above-title uagb-infobox-image-valign-top wp-block-uagb-info-box--has-margin\"><div class=\"uagb-infobox-margin-wrapper\"><div class=\"uagb-ifb-content\"><div class=\"uagb-ifb-title-wrap\"><h2 class=\"uagb-ifb-title\"><strong>Gesti\u00f3n automatizada de cobros para socios, deportistas y tutores<\/strong><\/h2><\/div><p class=\"uagb-ifb-desc\">Denemax Sport colabora con el club en el dise\u00f1o y la difusi\u00f3n de su estructura de cuotas y precios dirigida a todos los miembros del club.<br>Adem\u00e1s, realizamos soporte y formaci\u00f3n personalizadas para los gestores del club.<\/p><\/div><\/div><\/div>\n<\/div>\n\n\n\n<div class=\"wp-block-uagb-container uagb-layout-grid uagb-block-91add4aa default uagb-is-root-container\">\n<div class=\"wp-block-uagb-info-box uagb-block-87dc43fa uagb-infobox__content-wrap  uagb-infobox-icon-above-title uagb-infobox-image-valign-top wp-block-uagb-info-box--has-margin\"><div class=\"uagb-infobox-margin-wrapper\"><div class=\"uagb-ifb-content\"><div class=\"uagb-ifb-title-wrap\"><h2 class=\"uagb-ifb-title\"><strong>Gesti\u00f3n y coordinaci\u00f3n de la comunicaci\u00f3n con empleados, deportistas, tutores, entrenadores y equipos.<\/strong><\/h2><\/div><p class=\"uagb-ifb-desc\">Asimismo, el club tendr\u00e1 la capacidad de establecer comunicaci\u00f3n directa y \u00e1gil por correo electr\u00f3nico con jugadores, padres, entrenadores, personal interno y equipos.<\/p><\/div><\/div><\/div>\n\n\n\n<div class=\"wp-block-uagb-image uagb-block-dcc4c013 wp-block-uagb-image--layout-default wp-block-uagb-image--effect-static wp-block-uagb-image--align-none\"><figure class=\"wp-block-uagb-image__figure\"><img decoding=\"async\" srcset=\"https:\/\/denemaxsport.com\/wp-content\/uploads\/2025\/12\/Enviar-correos-copia-2.png ,https:\/\/denemaxsport.com\/wp-content\/uploads\/2025\/12\/Enviar-correos-copia-2.png 780w, https:\/\/denemaxsport.com\/wp-content\/uploads\/2025\/12\/Enviar-correos-copia-2.png 360w\" sizes=\"auto, (max-width: 480px) 150px\" src=\"https:\/\/denemaxsport.com\/wp-content\/uploads\/2025\/12\/Enviar-correos-copia-2.png\" alt=\"\" class=\"uag-image-1632\" width=\"522\" height=\"440\" title=\"Enviar correos - copia (2)\" loading=\"lazy\" role=\"img\"\/><\/figure><\/div>\n<\/div>\n\n\n\n<div class=\"wp-block-uagb-container uagb-layout-grid uagb-block-d40cbe4f default uagb-is-root-container\">\n<div class=\"wp-block-uagb-image uagb-block-e6072c33 wp-block-uagb-image--layout-default wp-block-uagb-image--effect-static wp-block-uagb-image--align-none\"><figure class=\"wp-block-uagb-image__figure\"><img decoding=\"async\" srcset=\"https:\/\/denemaxsport.com\/wp-content\/uploads\/2025\/12\/Formulario-de-eventos-copia-1.png ,https:\/\/denemaxsport.com\/wp-content\/uploads\/2025\/12\/Formulario-de-eventos-copia-1.png 780w, https:\/\/denemaxsport.com\/wp-content\/uploads\/2025\/12\/Formulario-de-eventos-copia-1.png 360w\" sizes=\"auto, (max-width: 480px) 150px\" src=\"https:\/\/denemaxsport.com\/wp-content\/uploads\/2025\/12\/Formulario-de-eventos-copia-1.png\" alt=\"\" class=\"uag-image-1634\" width=\"522\" height=\"440\" title=\"Formulario de eventos - copia\" loading=\"lazy\" role=\"img\"\/><\/figure><\/div>\n\n\n\n<div class=\"wp-block-uagb-info-box uagb-block-43b61b56 uagb-infobox__content-wrap  uagb-infobox-icon-above-title uagb-infobox-image-valign-top wp-block-uagb-info-box--has-margin\"><div class=\"uagb-infobox-margin-wrapper\"><div class=\"uagb-ifb-content\"><div class=\"uagb-ifb-title-wrap\"><h2 class=\"uagb-ifb-title\"><strong>Administraci\u00f3n Estrat\u00e9gica de Campa\u00f1as<\/strong><\/h2><\/div><p class=\"uagb-ifb-desc\">El club tendr\u00e1 la capacidad de crear y administrar campa\u00f1as mediante formularios de inscripci\u00f3n, abarcando una amplia variedad de opciones, tales como campus, torneos y eventos.<\/p><\/div><\/div><\/div>\n<\/div>\n\n\n\n<div class=\"wp-block-uagb-container uagb-layout-grid uagb-block-d618803f default uagb-is-root-container\">\n<div class=\"wp-block-uagb-info-box uagb-block-6d325a8e uagb-infobox__content-wrap  uagb-infobox-icon-above-title uagb-infobox-image-valign-top wp-block-uagb-info-box--has-margin\"><div class=\"uagb-infobox-margin-wrapper\"><div class=\"uagb-ifb-content\"><div class=\"uagb-ifb-title-wrap\"><h2 class=\"uagb-ifb-title\"><strong><strong>P\u00e1gina Web del Club<\/strong><\/strong><\/h2><\/div><p class=\"uagb-ifb-desc\">Denemax Sport pone a tu disposici\u00f3n un sitio web equipado con un men\u00fa integral de herramientas que te permitir\u00e1 editar y publicar toda la informaci\u00f3n que desees comunicar a los miembros del club.<\/p><\/div><\/div><\/div>\n\n\n\n<div class=\"wp-block-uagb-image uagb-block-678f8b5a wp-block-uagb-image--layout-default wp-block-uagb-image--effect-static wp-block-uagb-image--align-none\"><figure class=\"wp-block-uagb-image__figure\"><img decoding=\"async\" srcset=\"https:\/\/denemaxsport.com\/wp-content\/uploads\/2025\/12\/pagina_web.png ,https:\/\/denemaxsport.com\/wp-content\/uploads\/2025\/12\/pagina_web.png 780w, https:\/\/denemaxsport.com\/wp-content\/uploads\/2025\/12\/pagina_web.png 360w\" sizes=\"auto, (max-width: 480px) 150px\" src=\"https:\/\/denemaxsport.com\/wp-content\/uploads\/2025\/12\/pagina_web.png\" alt=\"\" class=\"uag-image-1635\" width=\"522\" height=\"440\" title=\"pagina_web\" loading=\"lazy\" role=\"img\"\/><\/figure><\/div>\n<\/div>\n<\/div><\/div>\n\n\n\n<div class=\"wp-block-uagb-container uagb-layout-grid uagb-block-d17d52f5 alignfull uagb-is-root-container\">\n<div class=\"wp-block-uagb-image uagb-block-f5c79397 wp-block-uagb-image--layout-default wp-block-uagb-image--effect-static wp-block-uagb-image--align-none uag-hide-mob\"><figure class=\"wp-block-uagb-image__figure\"><\/figure><\/div>\n\n\n\n<div class=\"wp-block-uagb-info-box uagb-block-e0e0877b uagb-infobox__content-wrap  uagb-infobox-icon-above-title uagb-infobox-image-valign-top wp-block-uagb-info-box--has-margin\"><div class=\"uagb-infobox-margin-wrapper\"><div class=\"uagb-ifb-content\"><div class=\"uagb-ifb-title-wrap\"><p class=\"uagb-ifb-title-prefix\">\u00danete hoy<\/p><h2 class=\"uagb-ifb-title\">Dale un nuevo rumbo a tu club deportivo<\/h2><\/div><p class=\"uagb-ifb-desc\"><strong>Contacta con nosotros y descubre c\u00f3mo podemos ayudarte a optimizar la gesti\u00f3n de tu club de manera efectiva.<\/strong><\/p><div class=\"uagb-ifb-button-wrapper wp-block-button\"><a href=\"?page_id=14\" class=\"uagb-infobox-cta-link wp-block-button__link\" target=\"_self\" rel=\"noopener noreferrer\" onclick=\"return true;\"><span class=\"uagb-inline-editing\">Descubre m\u00e1s<\/span><\/a><\/div><\/div><\/div><\/div>\n\n\n\n<div class=\"wp-block-uagb-image uagb-block-7baf2f18 wp-block-uagb-image--layout-default wp-block-uagb-image--effect-static wp-block-uagb-image--align-none uag-hide-mob\"><figure class=\"wp-block-uagb-image__figure\"><\/figure><\/div>\n<\/div>\n","protected":false},"excerpt":{"rendered":"<p>Optimiza tu club deportivo con Denemax Sport<\/p>\n","protected":false},"author":4,"featured_media":0,"parent":0,"menu_order":0,"comment_status":"closed","ping_status":"closed","template":"","meta":{"_uag_custom_page_level_css":"","site-sidebar-layout":"default","site-content-layout":"","ast-site-content-layout":"","site-content-style":"default","site-sidebar-style":"default","ast-global-header-display":"","ast-banner-title-visibility":"","ast-main-header-display":"","ast-hfb-above-header-display":"","ast-hfb-below-header-display":"","ast-hfb-mobile-header-display":"","site-post-title":"disabled","ast-breadcrumbs-content":"","ast-featured-img":"","footer-sml-layout":"","theme-transparent-header-meta":"enabled","adv-header-id-meta":"","stick-header-meta":"","header-above-stick-meta":"","header-main-stick-meta":"","header-below-stick-meta":"","astra-migrate-meta-layouts":"default","ast-page-background-enabled":"default","ast-page-background-meta":{"desktop":{"background-color":"var(--ast-global-color-4)","background-image":"","background-repeat":"repeat","background-position":"center center","background-size":"auto","background-attachment":"scroll","background-type":"","background-media":"","overlay-type":"","overlay-color":"","overlay-opacity":"","overlay-gradient":""},"tablet":{"background-color":"","background-image":"","background-repeat":"repeat","background-position":"center center","background-size":"auto","background-attachment":"scroll","background-type":"","background-media":"","overlay-type":"","overlay-color":"","overlay-opacity":"","overlay-gradient":""},"mobile":{"background-color":"","background-image":"","background-repeat":"repeat","background-position":"center center","background-size":"auto","background-attachment":"scroll","background-type":"","background-media":"","overlay-type":"","overlay-color":"","overlay-opacity":"","overlay-gradient":""}},"ast-content-background-meta":{"desktop":{"background-color":"var(--ast-global-color-5)","background-image":"","background-repeat":"repeat","background-position":"center center","background-size":"auto","background-attachment":"scroll","background-type":"","background-media":"","overlay-type":"","overlay-color":"","overlay-opacity":"","overlay-gradient":""},"tablet":{"background-color":"var(--ast-global-color-5)","background-image":"","background-repeat":"repeat","background-position":"center center","background-size":"auto","background-attachment":"scroll","background-type":"","background-media":"","overlay-type":"","overlay-color":"","overlay-opacity":"","overlay-gradient":""},"mobile":{"background-color":"var(--ast-global-color-5)","background-image":"","background-repeat":"repeat","background-position":"center center","background-size":"auto","background-attachment":"scroll","background-type":"","background-media":"","overlay-type":"","overlay-color":"","overlay-opacity":"","overlay-gradient":""}},"footnotes":""},"class_list":["post-12","page","type-page","status-publish","hentry"],"yoast_head":"<!-- This site is optimized with the Yoast SEO Premium plugin v25.1 (Yoast SEO v25.1) - https:\/\/yoast.com\/wordpress\/plugins\/seo\/ -->\n<title>Servicios para clubes deportivos | Denemax Sport<\/title>\n<meta name=\"description\" content=\"Descubre los servicios para clubes deportivos de Denemax Sport: consultor\u00eda, asesor\u00eda y herramientas digitales para una gesti\u00f3n eficiente.\" \/>\n<meta name=\"robots\" content=\"index, follow, max-snippet:-1, max-image-preview:large, max-video-preview:-1\" \/>\n<link rel=\"canonical\" href=\"https:\/\/denemaxsport.com\/?page_id=12\" \/>\n<meta property=\"og:locale\" content=\"es_ES\" \/>\n<meta property=\"og:type\" content=\"article\" \/>\n<meta property=\"og:title\" content=\"Servicios\" \/>\n<meta property=\"og:description\" content=\"Descubre los servicios para clubes deportivos de Denemax Sport: consultor\u00eda, asesor\u00eda y herramientas digitales para una gesti\u00f3n eficiente.\" \/>\n<meta property=\"og:url\" content=\"https:\/\/denemaxsport.com\/?page_id=12\" \/>\n<meta property=\"og:site_name\" content=\"Denemax Sport\" \/>\n<meta property=\"article:publisher\" content=\"https:\/\/www.facebook.com\/pages\/DenemaxConsultin\/966345906748622\" \/>\n<meta property=\"article:modified_time\" content=\"2025-12-17T16:25:44+00:00\" \/>\n<meta property=\"og:image\" content=\"https:\/\/denemaxsport.com\/wp-content\/uploads\/2025\/12\/Captura-de-pantalla-2025-12-03-124033-copia.png\" \/>\n<meta name=\"twitter:card\" content=\"summary_large_image\" \/>\n<meta name=\"twitter:site\" content=\"@DenemaxSport\" \/>\n<meta name=\"twitter:label1\" content=\"Tiempo de lectura\" \/>\n\t<meta name=\"twitter:data1\" content=\"3 minutos\" \/>\n<script type=\"application\/ld+json\" class=\"yoast-schema-graph\">{\"@context\":\"https:\/\/schema.org\",\"@graph\":[{\"@type\":\"WebPage\",\"@id\":\"https:\/\/denemaxsport.com\/?page_id=12\",\"url\":\"https:\/\/denemaxsport.com\/?page_id=12\",\"name\":\"Servicios para clubes deportivos | Denemax Sport\",\"isPartOf\":{\"@id\":\"https:\/\/denemaxsport.com\/#website\"},\"primaryImageOfPage\":{\"@id\":\"https:\/\/denemaxsport.com\/?page_id=12#primaryimage\"},\"image\":{\"@id\":\"https:\/\/denemaxsport.com\/?page_id=12#primaryimage\"},\"thumbnailUrl\":\"https:\/\/denemaxsport.com\/wp-content\/uploads\/2025\/12\/Captura-de-pantalla-2025-12-03-124033-copia.png\",\"datePublished\":\"2025-04-07T15:08:33+00:00\",\"dateModified\":\"2025-12-17T16:25:44+00:00\",\"description\":\"Descubre los servicios para clubes deportivos de Denemax Sport: consultor\u00eda, asesor\u00eda y herramientas digitales para una gesti\u00f3n eficiente.\",\"breadcrumb\":{\"@id\":\"https:\/\/denemaxsport.com\/?page_id=12#breadcrumb\"},\"inLanguage\":\"es\",\"potentialAction\":[{\"@type\":\"ReadAction\",\"target\":[\"https:\/\/denemaxsport.com\/?page_id=12\"]}]},{\"@type\":\"ImageObject\",\"inLanguage\":\"es\",\"@id\":\"https:\/\/denemaxsport.com\/?page_id=12#primaryimage\",\"url\":\"https:\/\/denemaxsport.com\/wp-content\/uploads\/2025\/12\/Captura-de-pantalla-2025-12-03-124033-copia.png\",\"contentUrl\":\"https:\/\/denemaxsport.com\/wp-content\/uploads\/2025\/12\/Captura-de-pantalla-2025-12-03-124033-copia.png\",\"width\":918,\"height\":693},{\"@type\":\"BreadcrumbList\",\"@id\":\"https:\/\/denemaxsport.com\/?page_id=12#breadcrumb\",\"itemListElement\":[{\"@type\":\"ListItem\",\"position\":1,\"name\":\"Portada\",\"item\":\"https:\/\/denemaxsport.com\/\"},{\"@type\":\"ListItem\",\"position\":2,\"name\":\"Servicios\"}]},{\"@type\":\"WebSite\",\"@id\":\"https:\/\/denemaxsport.com\/#website\",\"url\":\"https:\/\/denemaxsport.com\/\",\"name\":\"DenemaxSport\",\"description\":\"\",\"publisher\":{\"@id\":\"https:\/\/denemaxsport.com\/#organization\"},\"potentialAction\":[{\"@type\":\"SearchAction\",\"target\":{\"@type\":\"EntryPoint\",\"urlTemplate\":\"https:\/\/denemaxsport.com\/?s={search_term_string}\"},\"query-input\":{\"@type\":\"PropertyValueSpecification\",\"valueRequired\":true,\"valueName\":\"search_term_string\"}}],\"inLanguage\":\"es\"},{\"@type\":\"Organization\",\"@id\":\"https:\/\/denemaxsport.com\/#organization\",\"name\":\"DenemaxSport\",\"url\":\"https:\/\/denemaxsport.com\/\",\"logo\":{\"@type\":\"ImageObject\",\"inLanguage\":\"es\",\"@id\":\"https:\/\/denemaxsport.com\/#\/schema\/logo\/image\/\",\"url\":\"https:\/\/denemaxsport.com\/wp-content\/uploads\/2025\/04\/cropped-medio-Photoroom.png\",\"contentUrl\":\"https:\/\/denemaxsport.com\/wp-content\/uploads\/2025\/04\/cropped-medio-Photoroom.png\",\"width\":1035,\"height\":502,\"caption\":\"DenemaxSport\"},\"image\":{\"@id\":\"https:\/\/denemaxsport.com\/#\/schema\/logo\/image\/\"},\"sameAs\":[\"https:\/\/www.facebook.com\/pages\/DenemaxConsultin\/966345906748622\",\"https:\/\/x.com\/DenemaxSport\",\"https:\/\/www.instagram.com\/denemax_sports\"]}]}<\/script>\n<!-- \/ Yoast SEO Premium plugin. -->","yoast_head_json":{"title":"Servicios para clubes deportivos | Denemax Sport","description":"Descubre los servicios para clubes deportivos de Denemax Sport: consultor\u00eda, asesor\u00eda y herramientas digitales para una gesti\u00f3n eficiente.","robots":{"index":"index","follow":"follow","max-snippet":"max-snippet:-1","max-image-preview":"max-image-preview:large","max-video-preview":"max-video-preview:-1"},"canonical":"https:\/\/denemaxsport.com\/?page_id=12","og_locale":"es_ES","og_type":"article","og_title":"Servicios","og_description":"Descubre los servicios para clubes deportivos de Denemax Sport: consultor\u00eda, asesor\u00eda y herramientas digitales para una gesti\u00f3n eficiente.","og_url":"https:\/\/denemaxsport.com\/?page_id=12","og_site_name":"Denemax Sport","article_publisher":"https:\/\/www.facebook.com\/pages\/DenemaxConsultin\/966345906748622","article_modified_time":"2025-12-17T16:25:44+00:00","og_image":[{"url":"https:\/\/denemaxsport.com\/wp-content\/uploads\/2025\/12\/Captura-de-pantalla-2025-12-03-124033-copia.png","type":"","width":"","height":""}],"twitter_card":"summary_large_image","twitter_site":"@DenemaxSport","twitter_misc":{"Tiempo de lectura":"3 minutos"},"schema":{"@context":"https:\/\/schema.org","@graph":[{"@type":"WebPage","@id":"https:\/\/denemaxsport.com\/?page_id=12","url":"https:\/\/denemaxsport.com\/?page_id=12","name":"Servicios para clubes deportivos | Denemax Sport","isPartOf":{"@id":"https:\/\/denemaxsport.com\/#website"},"primaryImageOfPage":{"@id":"https:\/\/denemaxsport.com\/?page_id=12#primaryimage"},"image":{"@id":"https:\/\/denemaxsport.com\/?page_id=12#primaryimage"},"thumbnailUrl":"https:\/\/denemaxsport.com\/wp-content\/uploads\/2025\/12\/Captura-de-pantalla-2025-12-03-124033-copia.png","datePublished":"2025-04-07T15:08:33+00:00","dateModified":"2025-12-17T16:25:44+00:00","description":"Descubre los servicios para clubes deportivos de Denemax Sport: consultor\u00eda, asesor\u00eda y herramientas digitales para una gesti\u00f3n eficiente.","breadcrumb":{"@id":"https:\/\/denemaxsport.com\/?page_id=12#breadcrumb"},"inLanguage":"es","potentialAction":[{"@type":"ReadAction","target":["https:\/\/denemaxsport.com\/?page_id=12"]}]},{"@type":"ImageObject","inLanguage":"es","@id":"https:\/\/denemaxsport.com\/?page_id=12#primaryimage","url":"https:\/\/denemaxsport.com\/wp-content\/uploads\/2025\/12\/Captura-de-pantalla-2025-12-03-124033-copia.png","contentUrl":"https:\/\/denemaxsport.com\/wp-content\/uploads\/2025\/12\/Captura-de-pantalla-2025-12-03-124033-copia.png","width":918,"height":693},{"@type":"BreadcrumbList","@id":"https:\/\/denemaxsport.com\/?page_id=12#breadcrumb","itemListElement":[{"@type":"ListItem","position":1,"name":"Portada","item":"https:\/\/denemaxsport.com\/"},{"@type":"ListItem","position":2,"name":"Servicios"}]},{"@type":"WebSite","@id":"https:\/\/denemaxsport.com\/#website","url":"https:\/\/denemaxsport.com\/","name":"DenemaxSport","description":"","publisher":{"@id":"https:\/\/denemaxsport.com\/#organization"},"potentialAction":[{"@type":"SearchAction","target":{"@type":"EntryPoint","urlTemplate":"https:\/\/denemaxsport.com\/?s={search_term_string}"},"query-input":{"@type":"PropertyValueSpecification","valueRequired":true,"valueName":"search_term_string"}}],"inLanguage":"es"},{"@type":"Organization","@id":"https:\/\/denemaxsport.com\/#organization","name":"DenemaxSport","url":"https:\/\/denemaxsport.com\/","logo":{"@type":"ImageObject","inLanguage":"es","@id":"https:\/\/denemaxsport.com\/#\/schema\/logo\/image\/","url":"https:\/\/denemaxsport.com\/wp-content\/uploads\/2025\/04\/cropped-medio-Photoroom.png","contentUrl":"https:\/\/denemaxsport.com\/wp-content\/uploads\/2025\/04\/cropped-medio-Photoroom.png","width":1035,"height":502,"caption":"DenemaxSport"},"image":{"@id":"https:\/\/denemaxsport.com\/#\/schema\/logo\/image\/"},"sameAs":["https:\/\/www.facebook.com\/pages\/DenemaxConsultin\/966345906748622","https:\/\/x.com\/DenemaxSport","https:\/\/www.instagram.com\/denemax_sports"]}]}},"uagb_featured_image_src":{"full":false,"thumbnail":false,"medium":false,"medium_large":false,"large":false,"1536x1536":false,"2048x2048":false,"ultp_layout_landscape_large":false,"ultp_layout_landscape":false,"ultp_layout_portrait":false,"ultp_layout_square":false},"uagb_author_info":{"display_name":"DenemaxSport Denemax","author_link":"https:\/\/denemaxsport.com\/?author=4"},"uagb_comment_info":0,"uagb_excerpt":"Optimiza tu club deportivo con Denemax Sport","_links":{"self":[{"href":"https:\/\/denemaxsport.com\/index.php?rest_route=\/wp\/v2\/pages\/12","targetHints":{"allow":["GET"]}}],"collection":[{"href":"https:\/\/denemaxsport.com\/index.php?rest_route=\/wp\/v2\/pages"}],"about":[{"href":"https:\/\/denemaxsport.com\/index.php?rest_route=\/wp\/v2\/types\/page"}],"author":[{"embeddable":true,"href":"https:\/\/denemaxsport.com\/index.php?rest_route=\/wp\/v2\/users\/4"}],"replies":[{"embeddable":true,"href":"https:\/\/denemaxsport.com\/index.php?rest_route=%2Fwp%2Fv2%2Fcomments&post=12"}],"version-history":[{"count":10,"href":"https:\/\/denemaxsport.com\/index.php?rest_route=\/wp\/v2\/pages\/12\/revisions"}],"predecessor-version":[{"id":1636,"href":"https:\/\/denemaxsport.com\/index.php?rest_route=\/wp\/v2\/pages\/12\/revisions\/1636"}],"wp:attachment":[{"href":"https:\/\/denemaxsport.com\/index.php?rest_route=%2Fwp%2Fv2%2Fmedia&parent=12"}],"curies":[{"name":"wp","href":"https:\/\/api.w.org\/{rel}","templated":true}]}}