{"id":14,"date":"2025-04-07T15:08:32","date_gmt":"2025-04-07T15:08:32","guid":{"rendered":"http:\/\/localhost\/DenemaxSport\/?page_id=14"},"modified":"2026-01-22T13:17:43","modified_gmt":"2026-01-22T13:17:43","slug":"contacto","status":"publish","type":"page","link":"https:\/\/denemaxsport.com\/?page_id=14","title":{"rendered":"Contacto"},"content":{"rendered":"\n<div class=\"wp-block-uagb-container uagb-layout-flex uagb-block-edf9ad47 alignfull uagb-is-root-container\"><div class=\"uagb-container-inner-blocks-wrap\">\n<div class=\"wp-block-uagb-advanced-heading uagb-block-022836bc\"><p class=\"uagb-desc-text\">Contacto<\/p><h1 class=\"uagb-heading-text\">Estamos aqu\u00ed para ayudarte y asesorarte<\/h1><\/div>\n<\/div><\/div>\n\n\n\n<div class=\"wp-block-uagb-container uagb-layout-grid uagb-block-889b654d alignfull uagb-is-root-container\"><div class=\"uagb-container-inner-blocks-wrap\">\n<div class=\"wp-block-uagb-container uagb-block-a1503ca7\">\n<div class=\"wp-block-uagb-advanced-heading uagb-block-1f8f3c3f\"><p class=\"uagb-desc-text\">Formulario de Contacto<\/p><h2 class=\"uagb-heading-text\">D\u00e9janos tus preguntas y sugerencias aqu\u00ed<\/h2><\/div>\n\n\n\n<div class=\"wp-block-uagb-icon-list uagb-block-3fd53615\"><div class=\"uagb-icon-list__wrap\">\n<div class=\"wp-block-uagb-icon-list-child uagb-block-d15ed965\"><a target=\"_self\" aria-label=\"List item\" rel=\"noopener noreferrer\" href=\"https:\/\/www.instagram.com\/denemax_sports\/\"> <\/a><span class=\"uagb-icon-list__source-wrap\"><svg xmlns=\"https:\/\/www.w3.org\/2000\/svg\" viewBox=\"0 0 448 512\"><path d=\"M224.1 141c-63.6 0-114.9 51.3-114.9 114.9s51.3 114.9 114.9 114.9S339 319.5 339 255.9 287.7 141 224.1 141zm0 189.6c-41.1 0-74.7-33.5-74.7-74.7s33.5-74.7 74.7-74.7 74.7 33.5 74.7 74.7-33.6 74.7-74.7 74.7zm146.4-194.3c0 14.9-12 26.8-26.8 26.8-14.9 0-26.8-12-26.8-26.8s12-26.8 26.8-26.8 26.8 12 26.8 26.8zm76.1 27.2c-1.7-35.9-9.9-67.7-36.2-93.9-26.2-26.2-58-34.4-93.9-36.2-37-2.1-147.9-2.1-184.9 0-35.8 1.7-67.6 9.9-93.9 36.1s-34.4 58-36.2 93.9c-2.1 37-2.1 147.9 0 184.9 1.7 35.9 9.9 67.7 36.2 93.9s58 34.4 93.9 36.2c37 2.1 147.9 2.1 184.9 0 35.9-1.7 67.7-9.9 93.9-36.2 26.2-26.2 34.4-58 36.2-93.9 2.1-37 2.1-147.8 0-184.8zM398.8 388c-7.8 19.6-22.9 34.7-42.6 42.6-29.5 11.7-99.5 9-132.1 9s-102.7 2.6-132.1-9c-19.6-7.8-34.7-22.9-42.6-42.6-11.7-29.5-9-99.5-9-132.1s-2.6-102.7 9-132.1c7.8-19.6 22.9-34.7 42.6-42.6 29.5-11.7 99.5-9 132.1-9s102.7-2.6 132.1 9c19.6 7.8 34.7 22.9 42.6 42.6 11.7 29.5 9 99.5 9 132.1s2.7 102.7-9 132.1z\"><\/path><\/svg><\/span><\/div>\n\n\n\n<div class=\"wp-block-uagb-icon-list-child uagb-block-518c7d61\"><a target=\"_self\" aria-label=\"\" rel=\"noopener noreferrer\" href=\"https:\/\/www.linkedin.com\/in\/rosa-carvajal-a73041391\/\"> <\/a><span class=\"uagb-icon-list__source-wrap\"><svg xmlns=\"https:\/\/www.w3.org\/2000\/svg\" viewBox=\"0 0 448 512\"><path d=\"M100.3 448H7.4V148.9h92.88zM53.79 108.1C24.09 108.1 0 83.5 0 53.8a53.79 53.79 0 0 1 107.6 0c0 29.7-24.1 54.3-53.79 54.3zM447.9 448h-92.68V302.4c0-34.7-.7-79.2-48.29-79.2-48.29 0-55.69 37.7-55.69 76.7V448h-92.78V148.9h89.08v40.8h1.3c12.4-23.5 42.69-48.3 87.88-48.3 94 0 111.3 61.9 111.3 142.3V448z\"><\/path><\/svg><\/span><\/div>\n<\/div><\/div>\n<\/div>\n\n\n\n<div class=\"wp-block-uagb-container uagb-layout-flex uagb-block-63e0ef61\">\n<div class=\"wp-block-uagb-advanced-heading uagb-block-11111ede\"><h3 class=\"uagb-heading-text\">Nuestro equipo responder\u00e1 a tus inquietudes lo m\u00e1s pronto posible.<\/h3><\/div>\n\n\n\n<div class=\"wp-block-uagb-advanced-heading uagb-block-25590896\"><p class=\"uagb-heading-text\">Tel\u00e9fono: +34 916161671<\/p><div class=\"uagb-separator\"><\/div><\/div>\n\n\n\n<div class=\"wp-block-uagb-advanced-heading uagb-block-525f916b\"><p class=\"uagb-heading-text\">Correo Electr\u00f3nico: administracion@denemax.es<\/p><div class=\"uagb-separator\"><\/div><\/div>\n\n\n\n<div class=\"wp-block-uagb-advanced-heading uagb-block-94af7e4b\"><p class=\"uagb-heading-text\">Direcci\u00f3n: C\/Carpinteros 6, Villaviciosa de Od\u00f3n<\/p><\/div>\n<\/div>\n<\/div><\/div>\n\n\n\n<div class=\"wp-block-uagb-container uagb-layout-grid uagb-block-856a3241 alignfull uagb-is-root-container\"><div class=\"uagb-container-inner-blocks-wrap\">\n<div class=\"wp-block-uagb-image uagb-block-a1403eaf wp-block-uagb-image--layout-default wp-block-uagb-image--effect-static wp-block-uagb-image--align-none\"><figure class=\"wp-block-uagb-image__figure\"><img decoding=\"async\" srcset=\"https:\/\/denemaxsport.com\/wp-content\/uploads\/2026\/01\/direccion.png ,https:\/\/denemaxsport.com\/wp-content\/uploads\/2026\/01\/direccion.png 780w, https:\/\/denemaxsport.com\/wp-content\/uploads\/2026\/01\/direccion.png 360w\" sizes=\"auto, (max-width: 480px) 150px\" src=\"https:\/\/denemaxsport.com\/wp-content\/uploads\/2026\/01\/direccion.png\" alt=\"\" class=\"uag-image-1689\" width=\"569\" height=\"453\" title=\"direccion\" loading=\"lazy\" role=\"img\"\/><\/figure><\/div>\n\n\n\n<div class=\"wp-block-uagb-container uagb-block-9c4c8c42\">\n<div class=\"wpcf7 no-js\" id=\"wpcf7-f1698-o1\" lang=\"es-ES\" dir=\"ltr\" data-wpcf7-id=\"1698\">\n<div class=\"screen-reader-response\"><p role=\"status\" aria-live=\"polite\" aria-atomic=\"true\"><\/p> <ul><\/ul><\/div>\n<form action=\"\/index.php?rest_route=%2Fwp%2Fv2%2Fpages%2F14#wpcf7-f1698-o1\" method=\"post\" class=\"wpcf7-form init\" aria-label=\"Formulario de contacto\" novalidate=\"novalidate\" data-status=\"init\">\n<fieldset class=\"hidden-fields-container\"><input type=\"hidden\" name=\"_wpcf7\" value=\"1698\" \/><input type=\"hidden\" name=\"_wpcf7_version\" value=\"6.1.4\" \/><input type=\"hidden\" name=\"_wpcf7_locale\" value=\"es_ES\" \/><input type=\"hidden\" name=\"_wpcf7_unit_tag\" value=\"wpcf7-f1698-o1\" \/><input type=\"hidden\" name=\"_wpcf7_container_post\" value=\"0\" \/><input type=\"hidden\" name=\"_wpcf7_posted_data_hash\" value=\"\" \/><input type=\"hidden\" name=\"_wpcf7_recaptcha_response\" value=\"\" \/>\n<\/fieldset>\n<p><span class=\"wpcf7-form-control-wrap\" data-name=\"your-name\"><input size=\"40\" maxlength=\"400\" class=\"wpcf7-form-control wpcf7-text wpcf7-validates-as-required\" autocomplete=\"name\" aria-required=\"true\" aria-invalid=\"false\" placeholder=\"Nombre\" value=\"\" type=\"text\" name=\"your-name\" \/><\/span><br \/>\n<span class=\"wpcf7-form-control-wrap\" data-name=\"your-email\"><input size=\"40\" maxlength=\"400\" class=\"wpcf7-form-control wpcf7-email wpcf7-validates-as-required wpcf7-text wpcf7-validates-as-email\" autocomplete=\"email\" aria-required=\"true\" aria-invalid=\"false\" placeholder=\"Correo electr\u00f3nico\" value=\"\" type=\"email\" name=\"your-email\" \/><\/span><br \/>\n<span class=\"wpcf7-form-control-wrap\" data-name=\"your-subject\"><input size=\"40\" maxlength=\"400\" class=\"wpcf7-form-control wpcf7-text wpcf7-validates-as-required\" aria-required=\"true\" aria-invalid=\"false\" placeholder=\"Asunto\" value=\"\" type=\"text\" name=\"your-subject\" \/><\/span><br \/>\n<span class=\"wpcf7-form-control-wrap\" data-name=\"your-message\"><textarea cols=\"40\" rows=\"10\" maxlength=\"2000\" class=\"wpcf7-form-control wpcf7-textarea\" aria-invalid=\"false\" placeholder=\"Mensaje\" name=\"your-message\"><\/textarea><\/span>\n<\/p>\n<p><span class=\"wpcf7-form-control-wrap\" data-name=\"aceptar-politica\"><span class=\"wpcf7-form-control wpcf7-checkbox wpcf7-validates-as-required acepta-privacidad\"><span class=\"wpcf7-list-item first last\"><label><input type=\"checkbox\" name=\"aceptar-politica[]\" value=\"He le\u00eddo y acepto la\" \/><span class=\"wpcf7-list-item-label\">He le\u00eddo y acepto la<\/span><\/label><\/span><\/span><\/span><a href='\/POLITICA_DE_PRIVACIDAD.pdf' target='_blank'>pol\u00edtica de privacidad<\/a>\n<\/p>\n<p style=\"color:#fff; font-size:13px; text-align: justify;\"><br \/>\n<strong>Responsable:<\/strong> Denemax Consulting S.L. (NIF B-86028404). <strong>Finalidad:<\/strong> atender y gestionar tu consulta y realizar el seguimiento b\u00e1sico. <strong>Base jur\u00eddica:<\/strong> medidas precontractuales\/ejecuci\u00f3n de un contrato (art. 6.1.b RGPD) y, cuando aplique, tu consentimiento (art. 6.1.a). <strong>Derechos:<\/strong> acceso, rectificaci\u00f3n, supresi\u00f3n, etc., en administracion@denemax.es. <strong>M\u00e1s info:<\/strong> Pol\u00edtica de Privacidad.\n<\/p>\n<p><input class=\"wpcf7-form-control wpcf7-submit has-spinner\" type=\"submit\" value=\"Enviar\" \/>\n<\/p><div class=\"wpcf7-response-output\" aria-hidden=\"true\"><\/div>\n<\/form>\n<\/div>\n\n<\/div>\n<\/div><\/div>\n\n\n\n<div class=\"wp-block-uagb-container uagb-layout-grid uagb-block-d17d52f5 alignfull uagb-is-root-container\">\n<div class=\"wp-block-uagb-image uagb-block-f5c79397 wp-block-uagb-image--layout-default wp-block-uagb-image--effect-static wp-block-uagb-image--align-none uag-hide-mob\"><figure class=\"wp-block-uagb-image__figure\"><\/figure><\/div>\n\n\n\n<div class=\"wp-block-uagb-info-box uagb-block-e0e0877b uagb-infobox__content-wrap  uagb-infobox-icon-above-title uagb-infobox-image-valign-top wp-block-uagb-info-box--has-margin\"><div class=\"uagb-infobox-margin-wrapper\"><div class=\"uagb-ifb-content\"><div class=\"uagb-ifb-title-wrap\"><p class=\"uagb-ifb-title-prefix\">\u00danete hoy<\/p><h2 class=\"uagb-ifb-title\">Dale un nuevo rumbo a tu club deportivo<\/h2><\/div><p class=\"uagb-ifb-desc\"><strong>Contacta con nosotros y descubre c\u00f3mo podemos ayudarte a optimizar la gesti\u00f3n de tu club de manera efectiva.<\/strong><\/p><div class=\"uagb-ifb-button-wrapper wp-block-button\"><a href=\"?page_id=14\" class=\"uagb-infobox-cta-link wp-block-button__link\" target=\"_self\" rel=\"noopener noreferrer\" onclick=\"return true;\"><span class=\"uagb-inline-editing\">Descubre m\u00e1s<\/span><\/a><\/div><\/div><\/div><\/div>\n\n\n\n<div class=\"wp-block-uagb-image uagb-block-7baf2f18 wp-block-uagb-image--layout-default wp-block-uagb-image--effect-static wp-block-uagb-image--align-none uag-hide-mob\"><figure class=\"wp-block-uagb-image__figure\"><\/figure><\/div>\n<\/div>\n","protected":false},"excerpt":{"rendered":"<p>Contacto Estamos aqu\u00ed para ayudarte y asesorarte Formulario de Contacto D\u00e9janos tus preguntas y sugerencias aqu\u00ed Nuestro equipo responder\u00e1 a [&hellip;]<\/p>\n","protected":false},"author":4,"featured_media":0,"parent":0,"menu_order":0,"comment_status":"closed","ping_status":"closed","template":"","meta":{"_uag_custom_page_level_css":"","site-sidebar-layout":"default","site-content-layout":"","ast-site-content-layout":"","site-content-style":"default","site-sidebar-style":"default","ast-global-header-display":"","ast-banner-title-visibility":"","ast-main-header-display":"","ast-hfb-above-header-display":"","ast-hfb-below-header-display":"","ast-hfb-mobile-header-display":"","site-post-title":"disabled","ast-breadcrumbs-content":"","ast-featured-img":"","footer-sml-layout":"","theme-transparent-header-meta":"enabled","adv-header-id-meta":"","stick-header-meta":"","header-above-stick-meta":"","header-main-stick-meta":"","header-below-stick-meta":"","astra-migrate-meta-layouts":"default","ast-page-background-enabled":"default","ast-page-background-meta":{"desktop":{"background-color":"var(--ast-global-color-4)","background-image":"","background-repeat":"repeat","background-position":"center center","background-size":"auto","background-attachment":"scroll","background-type":"","background-media":"","overlay-type":"","overlay-color":"","overlay-opacity":"","overlay-gradient":""},"tablet":{"background-color":"","background-image":"","background-repeat":"repeat","background-position":"center center","background-size":"auto","background-attachment":"scroll","background-type":"","background-media":"","overlay-type":"","overlay-color":"","overlay-opacity":"","overlay-gradient":""},"mobile":{"background-color":"","background-image":"","background-repeat":"repeat","background-position":"center center","background-size":"auto","background-attachment":"scroll","background-type":"","background-media":"","overlay-type":"","overlay-color":"","overlay-opacity":"","overlay-gradient":""}},"ast-content-background-meta":{"desktop":{"background-color":"var(--ast-global-color-5)","background-image":"","background-repeat":"repeat","background-position":"center center","background-size":"auto","background-attachment":"scroll","background-type":"","background-media":"","overlay-type":"","overlay-color":"","overlay-opacity":"","overlay-gradient":""},"tablet":{"background-color":"var(--ast-global-color-5)","background-image":"","background-repeat":"repeat","background-position":"center center","background-size":"auto","background-attachment":"scroll","background-type":"","background-media":"","overlay-type":"","overlay-color":"","overlay-opacity":"","overlay-gradient":""},"mobile":{"background-color":"var(--ast-global-color-5)","background-image":"","background-repeat":"repeat","background-position":"center center","background-size":"auto","background-attachment":"scroll","background-type":"","background-media":"","overlay-type":"","overlay-color":"","overlay-opacity":"","overlay-gradient":""}},"footnotes":""},"class_list":["post-14","page","type-page","status-publish","hentry"],"yoast_head":"<!-- This site is optimized with the Yoast SEO Premium plugin v25.1 (Yoast SEO v25.1) - https:\/\/yoast.com\/wordpress\/plugins\/seo\/ -->\n<title>Contacto Denemax Sport | Asesoramiento Deportivo<\/title>\n<meta name=\"description\" content=\"Contacto Denemax Sport: tel\u00e9fono, email y oficina en Villaviciosa de Od\u00f3n.\" \/>\n<meta name=\"robots\" content=\"index, follow, max-snippet:-1, max-image-preview:large, max-video-preview:-1\" \/>\n<link rel=\"canonical\" href=\"https:\/\/denemaxsport.com\/?page_id=14\" \/>\n<meta property=\"og:locale\" content=\"es_ES\" \/>\n<meta property=\"og:type\" content=\"article\" \/>\n<meta property=\"og:title\" content=\"Contacto\" \/>\n<meta property=\"og:description\" content=\"Contacto Denemax Sport: tel\u00e9fono, email y oficina en Villaviciosa de Od\u00f3n.\" \/>\n<meta property=\"og:url\" content=\"https:\/\/denemaxsport.com\/?page_id=14\" \/>\n<meta property=\"og:site_name\" content=\"Denemax Sport\" \/>\n<meta property=\"article:publisher\" content=\"https:\/\/www.facebook.com\/pages\/DenemaxConsultin\/966345906748622\" \/>\n<meta property=\"article:modified_time\" content=\"2026-01-22T13:17:43+00:00\" \/>\n<meta property=\"og:image\" content=\"https:\/\/denemaxsport.com\/wp-content\/uploads\/2026\/01\/direccion.png\" \/>\n<meta name=\"twitter:card\" content=\"summary_large_image\" \/>\n<meta name=\"twitter:site\" content=\"@DenemaxSport\" \/>\n<meta name=\"twitter:label1\" content=\"Tiempo de lectura\" \/>\n\t<meta name=\"twitter:data1\" content=\"1 minuto\" \/>\n<script type=\"application\/ld+json\" class=\"yoast-schema-graph\">{\"@context\":\"https:\/\/schema.org\",\"@graph\":[{\"@type\":\"WebPage\",\"@id\":\"https:\/\/denemaxsport.com\/?page_id=14\",\"url\":\"https:\/\/denemaxsport.com\/?page_id=14\",\"name\":\"Contacto Denemax Sport | Asesoramiento Deportivo\",\"isPartOf\":{\"@id\":\"https:\/\/denemaxsport.com\/#website\"},\"primaryImageOfPage\":{\"@id\":\"https:\/\/denemaxsport.com\/?page_id=14#primaryimage\"},\"image\":{\"@id\":\"https:\/\/denemaxsport.com\/?page_id=14#primaryimage\"},\"thumbnailUrl\":\"https:\/\/denemaxsport.com\/wp-content\/uploads\/2026\/01\/direccion.png\",\"datePublished\":\"2025-04-07T15:08:32+00:00\",\"dateModified\":\"2026-01-22T13:17:43+00:00\",\"description\":\"Contacto Denemax Sport: tel\u00e9fono, email y oficina en Villaviciosa de Od\u00f3n.\",\"breadcrumb\":{\"@id\":\"https:\/\/denemaxsport.com\/?page_id=14#breadcrumb\"},\"inLanguage\":\"es\",\"potentialAction\":[{\"@type\":\"ReadAction\",\"target\":[\"https:\/\/denemaxsport.com\/?page_id=14\"]}]},{\"@type\":\"ImageObject\",\"inLanguage\":\"es\",\"@id\":\"https:\/\/denemaxsport.com\/?page_id=14#primaryimage\",\"url\":\"https:\/\/denemaxsport.com\/wp-content\/uploads\/2026\/01\/direccion.png\",\"contentUrl\":\"https:\/\/denemaxsport.com\/wp-content\/uploads\/2026\/01\/direccion.png\",\"width\":569,\"height\":453},{\"@type\":\"BreadcrumbList\",\"@id\":\"https:\/\/denemaxsport.com\/?page_id=14#breadcrumb\",\"itemListElement\":[{\"@type\":\"ListItem\",\"position\":1,\"name\":\"Portada\",\"item\":\"https:\/\/denemaxsport.com\/\"},{\"@type\":\"ListItem\",\"position\":2,\"name\":\"Contacto\"}]},{\"@type\":\"WebSite\",\"@id\":\"https:\/\/denemaxsport.com\/#website\",\"url\":\"https:\/\/denemaxsport.com\/\",\"name\":\"DenemaxSport\",\"description\":\"\",\"publisher\":{\"@id\":\"https:\/\/denemaxsport.com\/#organization\"},\"potentialAction\":[{\"@type\":\"SearchAction\",\"target\":{\"@type\":\"EntryPoint\",\"urlTemplate\":\"https:\/\/denemaxsport.com\/?s={search_term_string}\"},\"query-input\":{\"@type\":\"PropertyValueSpecification\",\"valueRequired\":true,\"valueName\":\"search_term_string\"}}],\"inLanguage\":\"es\"},{\"@type\":\"Organization\",\"@id\":\"https:\/\/denemaxsport.com\/#organization\",\"name\":\"DenemaxSport\",\"url\":\"https:\/\/denemaxsport.com\/\",\"logo\":{\"@type\":\"ImageObject\",\"inLanguage\":\"es\",\"@id\":\"https:\/\/denemaxsport.com\/#\/schema\/logo\/image\/\",\"url\":\"https:\/\/denemaxsport.com\/wp-content\/uploads\/2025\/04\/cropped-medio-Photoroom.png\",\"contentUrl\":\"https:\/\/denemaxsport.com\/wp-content\/uploads\/2025\/04\/cropped-medio-Photoroom.png\",\"width\":1035,\"height\":502,\"caption\":\"DenemaxSport\"},\"image\":{\"@id\":\"https:\/\/denemaxsport.com\/#\/schema\/logo\/image\/\"},\"sameAs\":[\"https:\/\/www.facebook.com\/pages\/DenemaxConsultin\/966345906748622\",\"https:\/\/x.com\/DenemaxSport\",\"https:\/\/www.instagram.com\/denemax_sports\"]}]}<\/script>\n<!-- \/ Yoast SEO Premium plugin. -->","yoast_head_json":{"title":"Contacto Denemax Sport | Asesoramiento Deportivo","description":"Contacto Denemax Sport: tel\u00e9fono, email y oficina en Villaviciosa de Od\u00f3n.","robots":{"index":"index","follow":"follow","max-snippet":"max-snippet:-1","max-image-preview":"max-image-preview:large","max-video-preview":"max-video-preview:-1"},"canonical":"https:\/\/denemaxsport.com\/?page_id=14","og_locale":"es_ES","og_type":"article","og_title":"Contacto","og_description":"Contacto Denemax Sport: tel\u00e9fono, email y oficina en Villaviciosa de Od\u00f3n.","og_url":"https:\/\/denemaxsport.com\/?page_id=14","og_site_name":"Denemax Sport","article_publisher":"https:\/\/www.facebook.com\/pages\/DenemaxConsultin\/966345906748622","article_modified_time":"2026-01-22T13:17:43+00:00","og_image":[{"url":"https:\/\/denemaxsport.com\/wp-content\/uploads\/2026\/01\/direccion.png","type":"","width":"","height":""}],"twitter_card":"summary_large_image","twitter_site":"@DenemaxSport","twitter_misc":{"Tiempo de lectura":"1 minuto"},"schema":{"@context":"https:\/\/schema.org","@graph":[{"@type":"WebPage","@id":"https:\/\/denemaxsport.com\/?page_id=14","url":"https:\/\/denemaxsport.com\/?page_id=14","name":"Contacto Denemax Sport | Asesoramiento Deportivo","isPartOf":{"@id":"https:\/\/denemaxsport.com\/#website"},"primaryImageOfPage":{"@id":"https:\/\/denemaxsport.com\/?page_id=14#primaryimage"},"image":{"@id":"https:\/\/denemaxsport.com\/?page_id=14#primaryimage"},"thumbnailUrl":"https:\/\/denemaxsport.com\/wp-content\/uploads\/2026\/01\/direccion.png","datePublished":"2025-04-07T15:08:32+00:00","dateModified":"2026-01-22T13:17:43+00:00","description":"Contacto Denemax Sport: tel\u00e9fono, email y oficina en Villaviciosa de Od\u00f3n.","breadcrumb":{"@id":"https:\/\/denemaxsport.com\/?page_id=14#breadcrumb"},"inLanguage":"es","potentialAction":[{"@type":"ReadAction","target":["https:\/\/denemaxsport.com\/?page_id=14"]}]},{"@type":"ImageObject","inLanguage":"es","@id":"https:\/\/denemaxsport.com\/?page_id=14#primaryimage","url":"https:\/\/denemaxsport.com\/wp-content\/uploads\/2026\/01\/direccion.png","contentUrl":"https:\/\/denemaxsport.com\/wp-content\/uploads\/2026\/01\/direccion.png","width":569,"height":453},{"@type":"BreadcrumbList","@id":"https:\/\/denemaxsport.com\/?page_id=14#breadcrumb","itemListElement":[{"@type":"ListItem","position":1,"name":"Portada","item":"https:\/\/denemaxsport.com\/"},{"@type":"ListItem","position":2,"name":"Contacto"}]},{"@type":"WebSite","@id":"https:\/\/denemaxsport.com\/#website","url":"https:\/\/denemaxsport.com\/","name":"DenemaxSport","description":"","publisher":{"@id":"https:\/\/denemaxsport.com\/#organization"},"potentialAction":[{"@type":"SearchAction","target":{"@type":"EntryPoint","urlTemplate":"https:\/\/denemaxsport.com\/?s={search_term_string}"},"query-input":{"@type":"PropertyValueSpecification","valueRequired":true,"valueName":"search_term_string"}}],"inLanguage":"es"},{"@type":"Organization","@id":"https:\/\/denemaxsport.com\/#organization","name":"DenemaxSport","url":"https:\/\/denemaxsport.com\/","logo":{"@type":"ImageObject","inLanguage":"es","@id":"https:\/\/denemaxsport.com\/#\/schema\/logo\/image\/","url":"https:\/\/denemaxsport.com\/wp-content\/uploads\/2025\/04\/cropped-medio-Photoroom.png","contentUrl":"https:\/\/denemaxsport.com\/wp-content\/uploads\/2025\/04\/cropped-medio-Photoroom.png","width":1035,"height":502,"caption":"DenemaxSport"},"image":{"@id":"https:\/\/denemaxsport.com\/#\/schema\/logo\/image\/"},"sameAs":["https:\/\/www.facebook.com\/pages\/DenemaxConsultin\/966345906748622","https:\/\/x.com\/DenemaxSport","https:\/\/www.instagram.com\/denemax_sports"]}]}},"uagb_featured_image_src":{"full":false,"thumbnail":false,"medium":false,"medium_large":false,"large":false,"1536x1536":false,"2048x2048":false,"ultp_layout_landscape_large":false,"ultp_layout_landscape":false,"ultp_layout_portrait":false,"ultp_layout_square":false},"uagb_author_info":{"display_name":"DenemaxSport Denemax","author_link":"https:\/\/denemaxsport.com\/?author=4"},"uagb_comment_info":0,"uagb_excerpt":"Contacto Estamos aqu\u00ed para ayudarte y asesorarte Formulario de Contacto D\u00e9janos tus preguntas y sugerencias aqu\u00ed Nuestro equipo responder\u00e1 a [&hellip;]","_links":{"self":[{"href":"https:\/\/denemaxsport.com\/index.php?rest_route=\/wp\/v2\/pages\/14","targetHints":{"allow":["GET"]}}],"collection":[{"href":"https:\/\/denemaxsport.com\/index.php?rest_route=\/wp\/v2\/pages"}],"about":[{"href":"https:\/\/denemaxsport.com\/index.php?rest_route=\/wp\/v2\/types\/page"}],"author":[{"embeddable":true,"href":"https:\/\/denemaxsport.com\/index.php?rest_route=\/wp\/v2\/users\/4"}],"replies":[{"embeddable":true,"href":"https:\/\/denemaxsport.com\/index.php?rest_route=%2Fwp%2Fv2%2Fcomments&post=14"}],"version-history":[{"count":24,"href":"https:\/\/denemaxsport.com\/index.php?rest_route=\/wp\/v2\/pages\/14\/revisions"}],"predecessor-version":[{"id":1712,"href":"https:\/\/denemaxsport.com\/index.php?rest_route=\/wp\/v2\/pages\/14\/revisions\/1712"}],"wp:attachment":[{"href":"https:\/\/denemaxsport.com\/index.php?rest_route=%2Fwp%2Fv2%2Fmedia&parent=14"}],"curies":[{"name":"wp","href":"https:\/\/api.w.org\/{rel}","templated":true}]}}